{"id":639,"date":"2019-03-26T19:57:01","date_gmt":"2019-03-26T19:57:01","guid":{"rendered":"http:\/\/sokab.nl\/?page_id=639"},"modified":"2021-12-15T19:41:43","modified_gmt":"2021-12-15T19:41:43","slug":"lopende-zaken","status":"publish","type":"page","link":"https:\/\/sokab.nl\/?page_id=639","title":{"rendered":"Lopende zaken"},"content":{"rendered":"<div id=\"pl-639\"  class=\"panel-layout\" ><div id=\"pg-639-0\"  class=\"panel-grid panel-no-style\" ><div id=\"pgc-639-0-0\"  class=\"panel-grid-cell\" ><div class=\"panel-cell-style panel-cell-style-for-639-0-0\" ><div id=\"panel-639-0-0-0\" class=\"so-panel widget widget_themegrill_flash_about tg-widget tg-about-widget about-section panel-first-child\" data-index=\"0\" ><div class=\"tg-column-wrapper\">\n\t<div class=\"about-content-wrapper tg-column-2\">\n\t\t\t\t<h3 class=\"section-title\">Beperkte definitie en blinde vlekken Meer oog voor genderspecifieke dimensies van dak- en thuisloosheid!<\/h3>\n\t\t\t\t\t\t<div class=\"section-description\"><p>Huiselijk geweld is in veel landen een belangrijke oorzaak van dak- en thuisloosheid onder vrouwen. We weten niet precies hoe dit in Nederland is. Maar we weten wel dat een effectieve aanpak van huiselijk geweld leidt tot minder dak- en thuisloosheid onder vrouwen.<\/p>\n\n<p>E\u00e9n op de vijf jongeren tussen de 16 en 24 jaar is slachtoffer van huiselijk geweld, blijkt uit een recente analyse van het <a href=\"https:\/\/www.cbs.nl\/nl-nl\/publicatie\/2020\/51\/prevalentiemonitor-huiselijk-geweld-en-seksueel-geweld-2020-\">CBS<\/a>; vooral meisjes en jonge vrouwen. Alarmerende cijfers, zeker wanneer je je realiseert dat slachtoffers van huiselijk geweld meer risico lopen op dakloos\u00ad heid. Veertig procent van de mensen die zich in de grote steden in Nederland meldt bij de opvang rapporteert mishandeling in hun jeugd.<\/p>\n<\/div>\n\t\t\t\t\t\t<div class=\"btn-wrapper\">\n\t\t\t<a class=\"about-more\" href=\"https:\/\/impuls-onderzoekscentrum.nl\/wp-content\/uploads\/imp-21209-pa-blog-08-catelijne-akkermans.pdf\">Preventie Alliantie<\/a>\n\t\t<\/div>\n\t\t\t<\/div>\n\t\t<figure class=\"about-section-image tg-column-2\">\n\t\t<img decoding=\"async\" src=\"http:\/\/sokab.nl\/wp-content\/uploads\/2021\/05\/pa-logo-768x543-1.jpg\" \/>\n\t<\/figure>\n\t<\/div>\n<\/div><div id=\"panel-639-0-0-1\" class=\"so-panel widget widget_themegrill_flash_about tg-widget tg-about-widget about-section\" data-index=\"1\" ><div class=\"tg-column-wrapper\">\n\t<div class=\"about-content-wrapper tg-column-2\">\n\t\t\t\t<h3 class=\"section-title\">Preventie Alliantie<\/h3>\n\t\t\t\t\t\t<div class=\"section-description\">Catelijne Akkermans is lid van het expertteam van de Preventie Alliantie. De Alliantie richt zich met een brede en stevig onderbouwde blik op het is het voorkomen van dak- en thuisloosheid. Dit team kan door gemeenten ingeroepen worden voor advies of meedenken over een specifiek probleem. De basis ligt in het Radboudziekenhuis bij de afdeling Impuls, Participatie en Maatschappelijke Zorg. Op 15 april 2021 heeft ze een bijdrage geleverd aan een Masterclass over bestaanszekerheid en vroegsignalering, georganiseerd door de Preventie Alliantie.<\/div>\n\t\t\t\t\t\t<div class=\"btn-wrapper\">\n\t\t\t<a class=\"about-more\" href=\"https:\/\/impuls-onderzoekscentrum.nl\/preventiealliantie\/\">Preventie Alliantie<\/a>\n\t\t<\/div>\n\t\t\t<\/div>\n\t<\/div>\n<\/div><div id=\"panel-639-0-0-2\" class=\"so-panel widget widget_themegrill_flash_about tg-widget tg-about-widget about-section panel-last-child\" data-index=\"2\" ><div class=\"tg-column-wrapper\">\n\t<div class=\"about-content-wrapper tg-column-2\">\n\t\t\t\t<h3 class=\"section-title\">Housing First<\/h3>\n\t\t\t\t\t\t<div class=\"section-description\">In opdracht van Housing First Nederland\/Valente neemt ze in 2021 het kwartiermakersschap op zich voor Housing First, in de Kop van Noord Holland Noord. Samen met projectco\u00f6rdinator H\u00e9l\u00e8ne Vollaard van Dnodoen zet ze een Housing First project op poten. Hopelijk kunnen in het najaar de eerste voormalig daklozen weer gaan wonen!<\/div>\n\t\t\t\t\t\t<div class=\"btn-wrapper\">\n\t\t\t<a class=\"about-more\" href=\"https:\/\/www.dnodoen.nl\/\">dnodoen<\/a>\n\t\t<\/div>\n\t\t\t<\/div>\n\t<\/div>\n<\/div><\/div><\/div><\/div><div id=\"pg-639-1\"  class=\"panel-grid panel-no-style\" ><div id=\"pgc-639-1-0\"  class=\"panel-grid-cell\" ><div id=\"panel-639-1-0-0\" class=\"so-panel widget widget_themegrill_flash_about tg-widget tg-about-widget about-section panel-first-child\" data-index=\"3\" ><div class=\"tg-column-wrapper\">\n\t<div class=\"about-content-wrapper tg-column-2\">\n\t\t\t\t<h3 class=\"section-title\">Financieel Fit Westland<\/h3>\n\t\t\t\t\t\t<div class=\"section-description\"><!-- wp:paragraph -->\n<p>Sociaal Kabaal is nauw betrokken bij&nbsp;Financieel Fit Westland. We&nbsp;versterken de financi\u00eble redzaamheid van de inwoners van Westland, met als speerpunten preventie en vroegsignalering van schuldenproblematiek en armoede. Financieel Fit! Westland&nbsp;is een privaat-publiek netwerk waar&nbsp;bedrijven, overheden en maatschappelijke organisaties als gelijkwaardige partners samenwerken aan een duurzame aanpak van geldstress, armoede en schulden. Zie:&nbsp;<a rel=\"noreferrer noopener\" href=\"https:\/\/moedigedialoog.nl\/meedoen\/regionale-netwerken\/\" target=\"_blank\">https:\/\/moedigedialoog.nl\/meedoen\/regionale-netwerken\/<\/a><\/p>\n<!-- \/wp:paragraph -->\n\n<!-- wp:paragraph -->\n<p><\/p>\n<!-- \/wp:paragraph -->\n\n<!-- wp:paragraph -->\n<p>In mei 2019 is het onderzoeksrapport verschenen dat Catelijne Akkermans en Astrid Huygen schreven in opdracht van de Federatie Opvang over schulden in de maatschappelijke opvang, vrouwenopvang en beschermd wonen. Het rapport maakt deel uit van het project&nbsp;<a href=\"http:\/\/www.schuldenindeopvangenbw.nl\/\" target=\"_blank\" rel=\"noreferrer noopener\">www.schuldenindeopvangenbw.nl<\/a><\/p>\n<!-- \/wp:paragraph --><\/div>\n\t\t\t\t\t\t<div class=\"btn-wrapper\">\n\t\t\t<a class=\"about-more\" href=\"https:\/\/www.opvang.nl\/files\/Schuldenindeopvang_20190607defkvb.pdf\">Lees het rapport hier<\/a>\n\t\t<\/div>\n\t\t\t<\/div>\n\t\t<figure class=\"about-section-image tg-column-2\">\n\t\t<img decoding=\"async\" src=\"http:\/\/sokab.nl\/wp-content\/uploads\/2019\/05\/Financieel-Fit-Westland_storyvisual_v1-1.pdf\" \/>\n\t<\/figure>\n\t<\/div>\n<\/div><div id=\"panel-639-1-0-1\" class=\"so-panel widget widget_media_image panel-last-child\" data-index=\"4\" ><img loading=\"lazy\" decoding=\"async\" width=\"300\" height=\"184\" src=\"https:\/\/sokab.nl\/wp-content\/uploads\/2019\/05\/Schermafbeelding-2019-05-31-om-12.41.23-300x184.png\" class=\"image wp-image-737  attachment-medium size-medium\" alt=\"\" style=\"max-width: 100%; height: auto;\" srcset=\"https:\/\/sokab.nl\/wp-content\/uploads\/2019\/05\/Schermafbeelding-2019-05-31-om-12.41.23-300x184.png 300w, https:\/\/sokab.nl\/wp-content\/uploads\/2019\/05\/Schermafbeelding-2019-05-31-om-12.41.23-768x472.png 768w, https:\/\/sokab.nl\/wp-content\/uploads\/2019\/05\/Schermafbeelding-2019-05-31-om-12.41.23-1024x630.png 1024w, https:\/\/sokab.nl\/wp-content\/uploads\/2019\/05\/Schermafbeelding-2019-05-31-om-12.41.23.png 1896w\" sizes=\"auto, (max-width: 300px) 100vw, 300px\" \/><\/div><\/div><\/div><\/div>","protected":false},"excerpt":{"rendered":"<p>Beperkte definitie en blinde vlekken Meer oog voor genderspecifieke dimensies van dak- en thuisloosheid! Huiselijk geweld is in veel landen [&hellip;]<\/p>\n","protected":false},"author":1,"featured_media":737,"parent":0,"menu_order":0,"comment_status":"closed","ping_status":"closed","template":"page-templates\/pagebuilder.php","meta":{"footnotes":""},"class_list":["post-639","page","type-page","status-publish","has-post-thumbnail","hentry"],"_links":{"self":[{"href":"https:\/\/sokab.nl\/index.php?rest_route=\/wp\/v2\/pages\/639","targetHints":{"allow":["GET"]}}],"collection":[{"href":"https:\/\/sokab.nl\/index.php?rest_route=\/wp\/v2\/pages"}],"about":[{"href":"https:\/\/sokab.nl\/index.php?rest_route=\/wp\/v2\/types\/page"}],"author":[{"embeddable":true,"href":"https:\/\/sokab.nl\/index.php?rest_route=\/wp\/v2\/users\/1"}],"replies":[{"embeddable":true,"href":"https:\/\/sokab.nl\/index.php?rest_route=%2Fwp%2Fv2%2Fcomments&post=639"}],"version-history":[{"count":52,"href":"https:\/\/sokab.nl\/index.php?rest_route=\/wp\/v2\/pages\/639\/revisions"}],"predecessor-version":[{"id":1161,"href":"https:\/\/sokab.nl\/index.php?rest_route=\/wp\/v2\/pages\/639\/revisions\/1161"}],"wp:featuredmedia":[{"embeddable":true,"href":"https:\/\/sokab.nl\/index.php?rest_route=\/wp\/v2\/media\/737"}],"wp:attachment":[{"href":"https:\/\/sokab.nl\/index.php?rest_route=%2Fwp%2Fv2%2Fmedia&parent=639"}],"curies":[{"name":"wp","href":"https:\/\/api.w.org\/{rel}","templated":true}]}}